{"id":1151,"date":"2020-08-09T15:25:14","date_gmt":"2020-08-09T21:25:14","guid":{"rendered":"https:\/\/melgal.org\/?page_id=1151"},"modified":"2020-10-09T14:29:50","modified_gmt":"2020-10-09T20:29:50","slug":"dorsa_zamanian_artist-statement","status":"publish","type":"page","link":"https:\/\/melgal.org\/es\/dorsa_zamanian_artist-statement\/","title":{"rendered":"Declaraci\u00f3n de Artista"},"content":{"rendered":"<p class=\"wp-block-paragraph\">El arte siempre ha sido mi salida para la vida. Cada vez que estoy atascado, encuentro que encender algo de m\u00fasica y dibujar me aclara la mente. El arte me ha dado una nueva perspectiva de la vida. Me ha permitido explorar ideas y temas de los que normalmente me alejar\u00eda. A trav\u00e9s de mi trabajo, he encontrado el poder que el arte puede tener. He utilizado mi trabajo para discutir temas en el Medio Oriente, junto con los derechos de las mujeres. Espero continuar mi trabajo en esta \u00e1rea. Mi vida familiar tambi\u00e9n ha impactado en gran medida mi trabajo. Las luchas que han pasado mis padres inmigrantes han sido una motivaci\u00f3n para que aprenda sobre mi herencia. Mis dificultades tambi\u00e9n me han llevado a tratar de expresar problemas como la depresi\u00f3n y la ansiedad. Aspiro a que mi trabajo sea una voz reconfortante para aquellos que no pueden decir sus verdades.<\/p>","protected":false},"excerpt":{"rendered":"<p>Art has always been my outlet for life. Whenever I am stuck, I find that turning on some music and sketching clears my mind. Art&hellip; <\/p>\n<p><a href=\"https:\/\/melgal.org\/es\/dorsa_zamanian_artist-statement\/\" class=\"more-link\">Leer m\u00e1s &rarr; <span class=\"screen-reader-text\">Declaraci\u00f3n de Artista<\/span><\/a><\/p>","protected":false},"author":182499745,"featured_media":1155,"parent":0,"menu_order":0,"comment_status":"open","ping_status":"closed","template":"","meta":{"_acf_changed":false,"_coblocks_attr":"","_coblocks_dimensions":"","_coblocks_responsive_height":"","_coblocks_accordion_ie_support":"","_crdt_document":"","ngg_post_thumbnail":0,"footnotes":""},"class_list":["post-1151","page","type-page","status-publish","has-post-thumbnail","hentry"],"acf":[],"jetpack_likes_enabled":false,"jetpack_sharing_enabled":true,"jetpack_shortlink":"https:\/\/wp.me\/PcaDJ3-iz","amp_enabled":true,"_links":{"self":[{"href":"https:\/\/melgal.org\/es\/wp-json\/wp\/v2\/pages\/1151","targetHints":{"allow":["GET"]}}],"collection":[{"href":"https:\/\/melgal.org\/es\/wp-json\/wp\/v2\/pages"}],"about":[{"href":"https:\/\/melgal.org\/es\/wp-json\/wp\/v2\/types\/page"}],"author":[{"embeddable":true,"href":"https:\/\/melgal.org\/es\/wp-json\/wp\/v2\/users\/182499745"}],"replies":[{"embeddable":true,"href":"https:\/\/melgal.org\/es\/wp-json\/wp\/v2\/comments?post=1151"}],"version-history":[{"count":3,"href":"https:\/\/melgal.org\/es\/wp-json\/wp\/v2\/pages\/1151\/revisions"}],"predecessor-version":[{"id":1195,"href":"https:\/\/melgal.org\/es\/wp-json\/wp\/v2\/pages\/1151\/revisions\/1195"}],"wp:featuredmedia":[{"embeddable":true,"href":"https:\/\/melgal.org\/es\/wp-json\/wp\/v2\/media\/1155"}],"wp:attachment":[{"href":"https:\/\/melgal.org\/es\/wp-json\/wp\/v2\/media?parent=1151"}],"curies":[{"name":"wp","href":"https:\/\/api.w.org\/{rel}","templated":true}]}}