{"id":1158,"date":"2020-08-09T15:31:26","date_gmt":"2020-08-09T21:31:26","guid":{"rendered":"https:\/\/melgal.org\/?page_id=1158"},"modified":"2020-10-09T14:35:20","modified_gmt":"2020-10-09T20:35:20","slug":"dorsa_zamanian_resume","status":"publish","type":"page","link":"https:\/\/melgal.org\/es\/dorsa_zamanian_resume\/","title":{"rendered":"Curr\u00edculum"},"content":{"rendered":"<h2 class=\"has-text-align-center wp-block-heading\"><strong>Educaci\u00f3n<\/strong><\/h2>\n\n\n\n<p class=\"has-text-align-center wp-block-paragraph\">La Academia Albuquerque, Albuquerque, Nuevo M\u00e9xico, 2021<\/p>\n\n\n\n<h4 class=\"wp-block-heading\"><strong>Cursos Tomados<\/strong><\/h4>\n\n\n\n<ul class=\"wp-block-list\"><li>Fundaci\u00f3n en el Arte<\/li><li>Dibujo y Pintura I<\/li><li>Dibujo y Pintura II<\/li><li>Dibujo y Pintura III<\/li><li>Estudios Persas Trabajo Independiente<\/li><\/ul>\n\n\n\n<h2 class=\"has-text-align-center wp-block-heading\"><strong>Exposiciones Colectivas<\/strong><\/h2>\n\n\n\n<p class=\"wp-block-paragraph\"><span style=\"text-decoration: underline;\">2019<\/span><\/p>\n\n\n\n<p class=\"wp-block-paragraph\">&nbsp;&nbsp;&nbsp;&nbsp;&nbsp;&nbsp;&nbsp;&nbsp;&nbsp;&nbsp;&nbsp; La Galer\u00eda de Turner Carroll, Santa Fe, Nuevo M\u00e9xico<\/p>\n\n\n\n<h2 class=\"has-text-align-center wp-block-heading\"><strong>Premios<\/strong><\/h2>\n\n\n\n<p class=\"has-text-align-center wp-block-paragraph\">Premio Visi\u00f3n Art\u00edstica de la Galer\u00eda de Turner Carroll<\/p>","protected":false},"excerpt":{"rendered":"<p>Education Albuquerque Academy, Albuquerque, New Mexico, 2021 Courses Taken Foundation in Art Drawing and Painting I Drawing and Painting II Drawing and Painting III Persian&hellip; <\/p>\n<p><a href=\"https:\/\/melgal.org\/es\/dorsa_zamanian_resume\/\" class=\"more-link\">Continue reading &rarr; <span class=\"screen-reader-text\">Curr\u00edculum<\/span><\/a><\/p>","protected":false},"author":182499745,"featured_media":1155,"parent":0,"menu_order":0,"comment_status":"open","ping_status":"closed","template":"","meta":{"_acf_changed":false,"_coblocks_attr":"","_coblocks_dimensions":"","_coblocks_responsive_height":"","_coblocks_accordion_ie_support":"","_crdt_document":"","ngg_post_thumbnail":0,"jetpack_post_was_ever_published":false,"footnotes":""},"class_list":["post-1158","page","type-page","status-publish","has-post-thumbnail","hentry"],"acf":[],"jetpack_likes_enabled":false,"jetpack_sharing_enabled":true,"jetpack_shortlink":"https:\/\/wp.me\/PcaDJ3-iG","amp_enabled":true,"_links":{"self":[{"href":"https:\/\/melgal.org\/es\/wp-json\/wp\/v2\/pages\/1158","targetHints":{"allow":["GET"]}}],"collection":[{"href":"https:\/\/melgal.org\/es\/wp-json\/wp\/v2\/pages"}],"about":[{"href":"https:\/\/melgal.org\/es\/wp-json\/wp\/v2\/types\/page"}],"author":[{"embeddable":true,"href":"https:\/\/melgal.org\/es\/wp-json\/wp\/v2\/users\/182499745"}],"replies":[{"embeddable":true,"href":"https:\/\/melgal.org\/es\/wp-json\/wp\/v2\/comments?post=1158"}],"version-history":[{"count":6,"href":"https:\/\/melgal.org\/es\/wp-json\/wp\/v2\/pages\/1158\/revisions"}],"predecessor-version":[{"id":1566,"href":"https:\/\/melgal.org\/es\/wp-json\/wp\/v2\/pages\/1158\/revisions\/1566"}],"wp:featuredmedia":[{"embeddable":true,"href":"https:\/\/melgal.org\/es\/wp-json\/wp\/v2\/media\/1155"}],"wp:attachment":[{"href":"https:\/\/melgal.org\/es\/wp-json\/wp\/v2\/media?parent=1158"}],"curies":[{"name":"wp","href":"https:\/\/api.w.org\/{rel}","templated":true}]}}