{"id":1549,"date":"2020-09-05T15:06:01","date_gmt":"2020-09-05T21:06:01","guid":{"rendered":"https:\/\/melgal.org\/?page_id=1549"},"modified":"2023-08-12T14:01:27","modified_gmt":"2023-08-12T20:01:27","slug":"melinda_modisette_resume","status":"publish","type":"page","link":"https:\/\/melgal.org\/es\/melinda_modisette_resume\/","title":{"rendered":"Curr\u00edculum"},"content":{"rendered":"<h2 class=\"wp-block-heading has-text-align-center\"><strong>Educaci\u00f3n<\/strong><\/h2>\n\n\n\n<p class=\"has-text-align-center wp-block-paragraph\">Harvard University, Cambridge, Massachusetts, 2025<\/p>\n\n\n\n<p class=\"has-text-align-center wp-block-paragraph\">La Academia Albuquerque, Albuquerque, Nuevo M\u00e9xico, 2021<\/p>\n\n\n\n<p class=\"has-text-align-center wp-block-paragraph\">El Estudio Privado de Arte de Fang Guang, Albuquerque, Nuevo M\u00e9xico, 2015<\/p>\n\n\n\n<h4 class=\"wp-block-heading has-text-align-left\"><strong>Cursos Tomados<\/strong> (Harvard University)<\/h4>\n\n\n\n<ul class=\"wp-block-list\">\n<li>Painting&#8217;s Doubt: A Studio Course<\/li>\n\n\n\n<li>Postcards from Volcanoes: Studio Course<\/li>\n<\/ul>\n\n\n\n<h4 class=\"wp-block-heading has-text-align-left\"><strong>Cursos Tomados<\/strong> (Albuquerque Academy)<\/h4>\n\n\n\n<ul class=\"wp-block-list\">\n<li>Fundaci\u00f3n en el Arte<\/li>\n\n\n\n<li>Dibujo y Pintura I<\/li>\n\n\n\n<li>Dibujo y Pintura II<\/li>\n\n\n\n<li>Dibujo AP<\/li>\n\n\n\n<li>Historia del Arte AP<\/li>\n<\/ul>\n\n\n\n<h2 class=\"wp-block-heading has-text-align-center\"><strong>Exposiciones Colectivas<\/strong><\/h2>\n\n\n\n<p class=\"wp-block-paragraph\"><span style=\"text-decoration: underline;\">2021<\/span><\/p>\n\n\n\n<p class=\"has-text-align-center wp-block-paragraph\">Albuquerque International Sunport, Albuquerque, New Mexico<\/p>\n\n\n\n<figure class=\"wp-block-gallery has-nested-images columns-default is-cropped wp-block-gallery-1 is-layout-flex wp-block-gallery-is-layout-flex\">\n<figure class=\"wp-block-image size-large\"><img data-recalc-dims=\"1\" loading=\"lazy\" decoding=\"async\" width=\"760\" height=\"570\" data-id=\"2211\" src=\"https:\/\/i0.wp.com\/melgal.org\/wp-content\/uploads\/2021\/08\/IMG_7986-1.jpg?resize=760%2C570&#038;ssl=1\" alt=\"\" class=\"wp-image-2211\" srcset=\"https:\/\/i0.wp.com\/melgal.org\/wp-content\/uploads\/2021\/08\/IMG_7986-1.jpg?resize=1024%2C768&amp;ssl=1 1024w, https:\/\/i0.wp.com\/melgal.org\/wp-content\/uploads\/2021\/08\/IMG_7986-1.jpg?resize=300%2C225&amp;ssl=1 300w, https:\/\/i0.wp.com\/melgal.org\/wp-content\/uploads\/2021\/08\/IMG_7986-1.jpg?resize=768%2C576&amp;ssl=1 768w, https:\/\/i0.wp.com\/melgal.org\/wp-content\/uploads\/2021\/08\/IMG_7986-1.jpg?resize=1536%2C1152&amp;ssl=1 1536w, https:\/\/i0.wp.com\/melgal.org\/wp-content\/uploads\/2021\/08\/IMG_7986-1.jpg?resize=2048%2C1536&amp;ssl=1 2048w, https:\/\/i0.wp.com\/melgal.org\/wp-content\/uploads\/2021\/08\/IMG_7986-1.jpg?resize=16%2C12&amp;ssl=1 16w, https:\/\/i0.wp.com\/melgal.org\/wp-content\/uploads\/2021\/08\/IMG_7986-1.jpg?resize=1200%2C900&amp;ssl=1 1200w, https:\/\/i0.wp.com\/melgal.org\/wp-content\/uploads\/2021\/08\/IMG_7986-1.jpg?resize=800%2C600&amp;ssl=1 800w, https:\/\/i0.wp.com\/melgal.org\/wp-content\/uploads\/2021\/08\/IMG_7986-1.jpg?resize=400%2C300&amp;ssl=1 400w, https:\/\/i0.wp.com\/melgal.org\/wp-content\/uploads\/2021\/08\/IMG_7986-1.jpg?resize=200%2C150&amp;ssl=1 200w, https:\/\/i0.wp.com\/melgal.org\/wp-content\/uploads\/2021\/08\/IMG_7986-1.jpg?w=2280&amp;ssl=1 2280w\" sizes=\"auto, (max-width: 760px) 100vw, 760px\" \/><\/figure>\n\n\n\n<figure class=\"wp-block-image size-large\"><img data-recalc-dims=\"1\" loading=\"lazy\" decoding=\"async\" width=\"760\" height=\"516\" data-id=\"2207\" src=\"https:\/\/i0.wp.com\/melgal.org\/wp-content\/uploads\/2021\/08\/IMG_1312.jpg?resize=760%2C516&#038;ssl=1\" alt=\"\" class=\"wp-image-2207\" srcset=\"https:\/\/i0.wp.com\/melgal.org\/wp-content\/uploads\/2021\/08\/IMG_1312.jpg?resize=1024%2C695&amp;ssl=1 1024w, https:\/\/i0.wp.com\/melgal.org\/wp-content\/uploads\/2021\/08\/IMG_1312.jpg?resize=300%2C204&amp;ssl=1 300w, https:\/\/i0.wp.com\/melgal.org\/wp-content\/uploads\/2021\/08\/IMG_1312.jpg?resize=768%2C521&amp;ssl=1 768w, https:\/\/i0.wp.com\/melgal.org\/wp-content\/uploads\/2021\/08\/IMG_1312.jpg?resize=1536%2C1042&amp;ssl=1 1536w, https:\/\/i0.wp.com\/melgal.org\/wp-content\/uploads\/2021\/08\/IMG_1312.jpg?resize=2048%2C1390&amp;ssl=1 2048w, https:\/\/i0.wp.com\/melgal.org\/wp-content\/uploads\/2021\/08\/IMG_1312.jpg?resize=18%2C12&amp;ssl=1 18w, https:\/\/i0.wp.com\/melgal.org\/wp-content\/uploads\/2021\/08\/IMG_1312.jpg?resize=1200%2C814&amp;ssl=1 1200w, https:\/\/i0.wp.com\/melgal.org\/wp-content\/uploads\/2021\/08\/IMG_1312.jpg?w=2280&amp;ssl=1 2280w\" sizes=\"auto, (max-width: 760px) 100vw, 760px\" \/><\/figure>\n<\/figure>\n\n\n\n<p class=\"wp-block-paragraph\"><span style=\"text-decoration: underline;\">2020<\/span><\/p>\n\n\n\n<p class=\"wp-block-paragraph\">&nbsp;&nbsp;&nbsp;&nbsp;&nbsp;&nbsp;&nbsp;&nbsp;&nbsp;&nbsp;&nbsp;Albuquerque International Sunport Exhibition, Albuquerque, New Mexico<\/p>\n\n\n\n<p class=\"wp-block-paragraph\"><span style=\"text-decoration: underline;\">2020<\/span><\/p>\n\n\n\n<p class=\"wp-block-paragraph\">&nbsp;&nbsp;&nbsp;&nbsp;&nbsp;&nbsp;&nbsp;&nbsp;&nbsp;&nbsp;&nbsp;Premios Scholastic de Arte y Escritura en Warehouse 508, Albuquerque, Nuevo M\u00e9xico<\/p>\n\n\n\n<p class=\"wp-block-paragraph\"><span style=\"text-decoration: underline;\">2019<\/span><\/p>\n\n\n\n<p class=\"has-text-align-left wp-block-paragraph\">&nbsp;&nbsp;&nbsp;&nbsp;&nbsp;&nbsp;&nbsp;&nbsp;&nbsp;&nbsp;&nbsp;La Galer\u00eda de Turner Carroll, Santa Fe, Nuevo M\u00e9xico<\/p>\n\n\n\n<p class=\"wp-block-paragraph\">&nbsp;&nbsp;&nbsp;&nbsp;&nbsp;&nbsp;&nbsp;&nbsp;&nbsp;&nbsp;&nbsp;Exposici\u00f3n de Artistas J\u00f3venes de la UNM en la Galer\u00eda Masley, Albuquerque, Nuevo M\u00e9xico<\/p>\n\n\n\n<p class=\"wp-block-paragraph\">&nbsp;&nbsp;&nbsp;&nbsp;&nbsp;&nbsp;&nbsp;&nbsp;&nbsp;&nbsp;&nbsp;Premios Scholastic de Arte y Escritura en Warehouse 508, Albuquerque, Nuevo M\u00e9xico<\/p>\n\n\n\n<p class=\"wp-block-paragraph\"><span style=\"text-decoration: underline;\">2018<\/span><\/p>\n\n\n\n<p class=\"wp-block-paragraph\">&nbsp;&nbsp;&nbsp;&nbsp;&nbsp;&nbsp;&nbsp;&nbsp;&nbsp;&nbsp;&nbsp;Premios Scholastic de Arte y Escritura en Warehouse 508, Albuquerque, Nuevo M\u00e9xico<\/p>\n\n\n\n<p class=\"wp-block-paragraph\">&nbsp;&nbsp;&nbsp;&nbsp;&nbsp;&nbsp;&nbsp;&nbsp;&nbsp;&nbsp;&nbsp;Concurso de Arte del Congreso en el Espacio de la Galer\u00eda del Concurso, Albuquerque, Nuevo M\u00e9xico<\/p>\n\n\n\n<p class=\"wp-block-paragraph\"><span style=\"text-decoration: underline;\">2017<\/span><\/p>\n\n\n\n<p class=\"wp-block-paragraph\">&nbsp;&nbsp;&nbsp;&nbsp;&nbsp;&nbsp;&nbsp;&nbsp;&nbsp;&nbsp;&nbsp;Premios Scholastic de Arte y Escritura en Warehouse 508, Albuquerque, Nuevo M\u00e9xico<\/p>\n\n\n\n<p class=\"wp-block-paragraph\"><span style=\"text-decoration: underline;\">2016<\/span><\/p>\n\n\n\n<p class=\"wp-block-paragraph\">&nbsp;&nbsp;&nbsp;&nbsp;&nbsp;&nbsp;&nbsp;&nbsp;&nbsp;&nbsp;&nbsp;Premios Scholastic de Arte y Escritura en Warehouse 508, Albuquerque, Nuevo M\u00e9xico<\/p>\n\n\n\n<h2 class=\"wp-block-heading\"><strong>Premios<\/strong><\/h2>\n\n\n\n<p class=\"has-text-align-center wp-block-paragraph\">New Mexico 1st District Congressional Art Competition Winner, 2021<\/p>\n\n\n\n<p class=\"has-text-align-center wp-block-paragraph\">El Premio de Nueva York de Nuevo M\u00e9xico, Premios Scholastic de Arte y Escritura, 2020<\/p>\n\n\n\n<p class=\"has-text-align-center wp-block-paragraph\">Una Llave de Oro, una Llave de Plata, dos Menciones Honor\u00edficas, Premios Scholastic de Arte y Escritura, 2020<\/p>\n\n\n\n<p class=\"has-text-align-center wp-block-paragraph\">Una Llave de Oro, una Llave de Plata, Premios Scholastic de Arte y Escritura, 2019<\/p>\n\n\n\n<p class=\"has-text-align-center wp-block-paragraph\">El Mejor de Grupo de Edad: Und\u00e9cimo Grado, Exposici\u00f3n Inaugural de J\u00f3venes Artistas de la UNM, 2019<\/p>\n\n\n\n<p class=\"has-text-align-center wp-block-paragraph\">Premio de Elecci\u00f3n de Jueces de Concurso de Arte del Congreso, 2018<\/p>\n\n\n\n<p class=\"has-text-align-center wp-block-paragraph\">Dos Llaves de Oro, Premios Scholastic de Arte y Escritura, 2018<\/p>\n\n\n\n<p class=\"has-text-align-center wp-block-paragraph\">Una Llave de Oro, Premios Scholastic de Arte y Escritura, 2017<\/p>\n\n\n\n<p class=\"has-text-align-center wp-block-paragraph\">Una Llave de Plata, Premios Scholastic de Arte y Escritura, 2016<\/p>\n\n\n\n<p class=\"has-text-align-center wp-block-paragraph\">1<sup>st<\/sup> Lugar en la Divisi\u00f3n 4o-6o Grado, Concurso Estatal de Arte Pesquero, 2013<\/p>\n\n\n\n<p class=\"has-text-align-center wp-block-paragraph\">2<sup>nd<\/sup> Lugar en Dibujo, Feria del Estado de Nuevo M\u00e9xico, 2013<\/p>\n\n\n\n<h2 class=\"wp-block-heading has-text-align-center\"><strong>Publications<\/strong><\/h2>\n\n\n\n<p class=\"wp-block-paragraph\">Albuquerque Sunport Mural at Albuquerque International Sunport, 2020<\/p>\n\n\n\n<figure class=\"wp-block-gallery has-nested-images columns-default is-cropped has-lightbox wp-block-gallery-2 is-layout-flex wp-block-gallery-is-layout-flex\">\n<figure class=\"wp-block-image size-large\"><img data-recalc-dims=\"1\" loading=\"lazy\" decoding=\"async\" width=\"760\" height=\"570\" data-id=\"1851\" src=\"https:\/\/i0.wp.com\/melgal.org\/wp-content\/uploads\/2020\/11\/Albuquerque-Sunport-Mural1.jpg?resize=760%2C570&#038;ssl=1\" alt=\"\" class=\"wp-image-1851\" srcset=\"https:\/\/i0.wp.com\/melgal.org\/wp-content\/uploads\/2020\/11\/Albuquerque-Sunport-Mural1.jpg?resize=1024%2C768&amp;ssl=1 1024w, https:\/\/i0.wp.com\/melgal.org\/wp-content\/uploads\/2020\/11\/Albuquerque-Sunport-Mural1.jpg?resize=300%2C225&amp;ssl=1 300w, https:\/\/i0.wp.com\/melgal.org\/wp-content\/uploads\/2020\/11\/Albuquerque-Sunport-Mural1.jpg?resize=768%2C576&amp;ssl=1 768w, https:\/\/i0.wp.com\/melgal.org\/wp-content\/uploads\/2020\/11\/Albuquerque-Sunport-Mural1.jpg?resize=1536%2C1152&amp;ssl=1 1536w, https:\/\/i0.wp.com\/melgal.org\/wp-content\/uploads\/2020\/11\/Albuquerque-Sunport-Mural1.jpg?resize=2048%2C1536&amp;ssl=1 2048w, https:\/\/i0.wp.com\/melgal.org\/wp-content\/uploads\/2020\/11\/Albuquerque-Sunport-Mural1.jpg?resize=16%2C12&amp;ssl=1 16w, https:\/\/i0.wp.com\/melgal.org\/wp-content\/uploads\/2020\/11\/Albuquerque-Sunport-Mural1.jpg?resize=1200%2C900&amp;ssl=1 1200w, https:\/\/i0.wp.com\/melgal.org\/wp-content\/uploads\/2020\/11\/Albuquerque-Sunport-Mural1.jpg?resize=800%2C600&amp;ssl=1 800w, https:\/\/i0.wp.com\/melgal.org\/wp-content\/uploads\/2020\/11\/Albuquerque-Sunport-Mural1.jpg?resize=400%2C300&amp;ssl=1 400w, https:\/\/i0.wp.com\/melgal.org\/wp-content\/uploads\/2020\/11\/Albuquerque-Sunport-Mural1.jpg?resize=200%2C150&amp;ssl=1 200w, https:\/\/i0.wp.com\/melgal.org\/wp-content\/uploads\/2020\/11\/Albuquerque-Sunport-Mural1.jpg?w=2280&amp;ssl=1 2280w\" sizes=\"auto, (max-width: 760px) 100vw, 760px\" \/><\/figure>\n\n\n\n<figure class=\"wp-block-image size-large\"><img data-recalc-dims=\"1\" loading=\"lazy\" decoding=\"async\" width=\"760\" height=\"570\" data-id=\"1852\" src=\"https:\/\/i0.wp.com\/melgal.org\/wp-content\/uploads\/2020\/11\/Albuquerque-Sunport-Mural2.jpg?resize=760%2C570&#038;ssl=1\" alt=\"\" class=\"wp-image-1852\" srcset=\"https:\/\/i0.wp.com\/melgal.org\/wp-content\/uploads\/2020\/11\/Albuquerque-Sunport-Mural2.jpg?resize=1024%2C768&amp;ssl=1 1024w, https:\/\/i0.wp.com\/melgal.org\/wp-content\/uploads\/2020\/11\/Albuquerque-Sunport-Mural2.jpg?resize=300%2C225&amp;ssl=1 300w, https:\/\/i0.wp.com\/melgal.org\/wp-content\/uploads\/2020\/11\/Albuquerque-Sunport-Mural2.jpg?resize=768%2C576&amp;ssl=1 768w, https:\/\/i0.wp.com\/melgal.org\/wp-content\/uploads\/2020\/11\/Albuquerque-Sunport-Mural2.jpg?resize=1536%2C1152&amp;ssl=1 1536w, https:\/\/i0.wp.com\/melgal.org\/wp-content\/uploads\/2020\/11\/Albuquerque-Sunport-Mural2.jpg?resize=2048%2C1536&amp;ssl=1 2048w, https:\/\/i0.wp.com\/melgal.org\/wp-content\/uploads\/2020\/11\/Albuquerque-Sunport-Mural2.jpg?resize=16%2C12&amp;ssl=1 16w, https:\/\/i0.wp.com\/melgal.org\/wp-content\/uploads\/2020\/11\/Albuquerque-Sunport-Mural2.jpg?resize=1200%2C900&amp;ssl=1 1200w, https:\/\/i0.wp.com\/melgal.org\/wp-content\/uploads\/2020\/11\/Albuquerque-Sunport-Mural2.jpg?resize=800%2C600&amp;ssl=1 800w, https:\/\/i0.wp.com\/melgal.org\/wp-content\/uploads\/2020\/11\/Albuquerque-Sunport-Mural2.jpg?resize=400%2C300&amp;ssl=1 400w, https:\/\/i0.wp.com\/melgal.org\/wp-content\/uploads\/2020\/11\/Albuquerque-Sunport-Mural2.jpg?resize=200%2C150&amp;ssl=1 200w, https:\/\/i0.wp.com\/melgal.org\/wp-content\/uploads\/2020\/11\/Albuquerque-Sunport-Mural2.jpg?w=2280&amp;ssl=1 2280w\" sizes=\"auto, (max-width: 760px) 100vw, 760px\" \/><\/figure>\n<\/figure>\n\n\n\n<p class=\"wp-block-paragraph\"><\/p>","protected":false},"excerpt":{"rendered":"<p>Education Harvard University, Cambridge, Massachusetts, 2025 Albuquerque Academy, Albuquerque, New Mexico, 2021 Fang Guang Private Art Studio, Albuquerque, New Mexico, 2015 Courses Taken (Harvard University)&hellip; <\/p>\n<p><a href=\"https:\/\/melgal.org\/es\/melinda_modisette_resume\/\" class=\"more-link\">Leer m\u00e1s &rarr; <span class=\"screen-reader-text\">Curr\u00edculum<\/span><\/a><\/p>","protected":false},"author":182499745,"featured_media":1348,"parent":0,"menu_order":0,"comment_status":"open","ping_status":"closed","template":"","meta":{"_acf_changed":false,"_coblocks_attr":"","_coblocks_dimensions":"","_coblocks_responsive_height":"","_coblocks_accordion_ie_support":"","_crdt_document":"","ngg_post_thumbnail":0,"jetpack_post_was_ever_published":false,"footnotes":""},"class_list":["post-1549","page","type-page","status-publish","has-post-thumbnail","hentry"],"acf":[],"jetpack_likes_enabled":false,"jetpack_sharing_enabled":true,"jetpack_shortlink":"https:\/\/wp.me\/PcaDJ3-oZ","amp_enabled":true,"_links":{"self":[{"href":"https:\/\/melgal.org\/es\/wp-json\/wp\/v2\/pages\/1549","targetHints":{"allow":["GET"]}}],"collection":[{"href":"https:\/\/melgal.org\/es\/wp-json\/wp\/v2\/pages"}],"about":[{"href":"https:\/\/melgal.org\/es\/wp-json\/wp\/v2\/types\/page"}],"author":[{"embeddable":true,"href":"https:\/\/melgal.org\/es\/wp-json\/wp\/v2\/users\/182499745"}],"replies":[{"embeddable":true,"href":"https:\/\/melgal.org\/es\/wp-json\/wp\/v2\/comments?post=1549"}],"version-history":[{"count":24,"href":"https:\/\/melgal.org\/es\/wp-json\/wp\/v2\/pages\/1549\/revisions"}],"predecessor-version":[{"id":3521,"href":"https:\/\/melgal.org\/es\/wp-json\/wp\/v2\/pages\/1549\/revisions\/3521"}],"wp:featuredmedia":[{"embeddable":true,"href":"https:\/\/melgal.org\/es\/wp-json\/wp\/v2\/media\/1348"}],"wp:attachment":[{"href":"https:\/\/melgal.org\/es\/wp-json\/wp\/v2\/media?parent=1549"}],"curies":[{"name":"wp","href":"https:\/\/api.w.org\/{rel}","templated":true}]}}