{"id":1686,"date":"2020-10-06T18:16:04","date_gmt":"2020-10-07T00:16:04","guid":{"rendered":"https:\/\/melgal.org\/?page_id=1686"},"modified":"2020-10-10T12:14:39","modified_gmt":"2020-10-10T18:14:39","slug":"melinda_modisette_artist-statement","status":"publish","type":"page","link":"https:\/\/melgal.org\/es\/melinda_modisette_artist-statement\/","title":{"rendered":"Declaraci\u00f3n de Artista"},"content":{"rendered":"<p class=\"wp-block-paragraph\">El arte es una lucha. A veces los colores fluyen en un flujo constante desde mi mente a trav\u00e9s del pincel y en el lienzo. A veces el lienzo se rasga y los colores se vuelven grises. A veces no sale. Como un tubo de pintura, sabes que queda algo, algo que no se ha usado, pero no importa lo que hagas, apretarlo, meterlo, golpearlo contra la mesa, solo unas gotas de goteo en el pal\u00e9. A veces es suave. Y luego a veces explota.<\/p>\n\n\n\n<p class=\"wp-block-paragraph\">Hay algo inexplicable sobre el arte para m\u00ed. Algo que me tira de vuelta, me atrae con solo un sentimiento, una magia intangible. Una y otra vez me voy con frustraci\u00f3n y una y otra vez cog\u00ed el cepillo una vez m\u00e1s. Una adicci\u00f3n a la sangr\u00eda que el l\u00e1piz hace en mi \u00edndice. Una sed interminable para describir c\u00f3mo veo mi mundo. Un deseo, un hambre, un fuego para mostrar a otros algo m\u00edo. Cada pintura vio desde mil perspectivas dando mil significados diferentes. El arte es poderoso<\/p>\n\n\n\n<p class=\"wp-block-paragraph\">Cuando dibujo, de alguna manera el trazo del pincel y los colores que se extienden en la p\u00e1gina cierra la distancia entre \u00e9l y yo hasta que por un solo instante, s\u00f3lo una hoja delgada de papel nos separa y puedo sentir su cara c\u00e1lida y manos suaves justo debajo del papel, contra mi piel mientras mi mano descansa sobre la lona blanca que se encoge. Yo derramo amor incondicional en mi arte porque todo lo que no pod\u00eda dar entonces, doy ahora. El arte es amor incondicional.<\/p>\n\n\n\n<p class=\"wp-block-paragraph\">El arte es pasi\u00f3n. El estr\u00e9s se verti\u00f3 en algo que estoy entusiasmado. Quiero luchar, crear, amar. Es un sentimiento que agita las alas en mi pecho y lo empuja a saltar en lo desconocido, buscando la posibilidad de vuelo.<\/p>\n\n\n\n<p class=\"wp-block-paragraph\">No s\u00e9 qu\u00e9 es el arte.<\/p>","protected":false},"excerpt":{"rendered":"<p>Art is a struggle. Sometimes the colors flow in a constant stream from my mind through the brush and onto the canvas. Sometimes the canvas&hellip; <\/p>\n<p><a href=\"https:\/\/melgal.org\/es\/melinda_modisette_artist-statement\/\" class=\"more-link\">Leer m\u00e1s &rarr; <span class=\"screen-reader-text\">Declaraci\u00f3n de Artista<\/span><\/a><\/p>","protected":false},"author":182499745,"featured_media":1348,"parent":0,"menu_order":0,"comment_status":"open","ping_status":"closed","template":"","meta":{"_acf_changed":false,"_coblocks_attr":"","_coblocks_dimensions":"","_coblocks_responsive_height":"","_coblocks_accordion_ie_support":"","_crdt_document":"","ngg_post_thumbnail":0,"footnotes":""},"class_list":["post-1686","page","type-page","status-publish","has-post-thumbnail","hentry"],"acf":[],"jetpack_likes_enabled":true,"jetpack_sharing_enabled":true,"jetpack_shortlink":"https:\/\/wp.me\/PcaDJ3-rc","amp_enabled":true,"_links":{"self":[{"href":"https:\/\/melgal.org\/es\/wp-json\/wp\/v2\/pages\/1686","targetHints":{"allow":["GET"]}}],"collection":[{"href":"https:\/\/melgal.org\/es\/wp-json\/wp\/v2\/pages"}],"about":[{"href":"https:\/\/melgal.org\/es\/wp-json\/wp\/v2\/types\/page"}],"author":[{"embeddable":true,"href":"https:\/\/melgal.org\/es\/wp-json\/wp\/v2\/users\/182499745"}],"replies":[{"embeddable":true,"href":"https:\/\/melgal.org\/es\/wp-json\/wp\/v2\/comments?post=1686"}],"version-history":[{"count":4,"href":"https:\/\/melgal.org\/es\/wp-json\/wp\/v2\/pages\/1686\/revisions"}],"predecessor-version":[{"id":1742,"href":"https:\/\/melgal.org\/es\/wp-json\/wp\/v2\/pages\/1686\/revisions\/1742"}],"wp:featuredmedia":[{"embeddable":true,"href":"https:\/\/melgal.org\/es\/wp-json\/wp\/v2\/media\/1348"}],"wp:attachment":[{"href":"https:\/\/melgal.org\/es\/wp-json\/wp\/v2\/media?parent=1686"}],"curies":[{"name":"wp","href":"https:\/\/api.w.org\/{rel}","templated":true}]}}