{"id":183,"date":"2020-07-12T10:45:32","date_gmt":"2020-07-12T16:45:32","guid":{"rendered":"https:\/\/melgal.org\/?page_id=183"},"modified":"2020-10-10T14:34:04","modified_gmt":"2020-10-10T20:34:04","slug":"individual-pieces","status":"publish","type":"page","link":"https:\/\/melgal.org\/es\/individual-pieces\/","title":{"rendered":"Piezas Individuales"},"content":{"rendered":"<p class=\"wp-block-paragraph\">A lo largo de la duraci\u00f3n de este proyecto, se pidi\u00f3 a cada estudiante que completara una serie de tareas que detallaron el proceso de pensamiento de sus dise\u00f1os. Aqu\u00ed puede encontrar las asignaciones individuales completadas de todos en el proyecto, separadas en dos equipos: <a href=\"https:\/\/melgal.org\/es\/albuquerque-team\/\" data-type=\"page\" data-id=\"229\">The Albuquerque Team<\/a> y <a href=\"https:\/\/melgal.org\/es\/lanzhou-team\/\" data-type=\"page\" data-id=\"232\">The Lanzhou Team<\/a>Ambas p\u00e1ginas tienen bocetos iniciales del dise\u00f1o de cada estudiante, una pieza completa de la primera mitad, un p\u00e1rrafo sobre su trabajo y una pieza terminada junto con citas sobre su ilustraci\u00f3n.<\/p>\n\n\n\n<h2 class=\"has-text-align-center wp-block-heading\">Los P\u00e1rrafos<\/h2>\n\n\n\n<p class=\"wp-block-paragraph\">Durante la primera mitad del proyecto, se pidi\u00f3 a cada estudiante que escribiera un p\u00e1rrafo describiendo su dise\u00f1o, c\u00f3mo otro estudiante puede continuar la otra mitad de la pieza, y el significado detr\u00e1s de la obra. A continuaci\u00f3n se muestran dos ejemplos de p\u00e1rrafos:<\/p>\n\n\n\n<div class=\"wp-block-media-text alignwide has-media-on-the-right is-stacked-on-mobile\"><figure class=\"wp-block-media-text__media\"><a href=\"https:\/\/melgal.org\/es\/lanzhou-team\/\"><img data-recalc-dims=\"1\" loading=\"lazy\" decoding=\"async\" width=\"683\" height=\"1024\" src=\"https:\/\/i0.wp.com\/melgal.org\/wp-content\/uploads\/2020\/07\/IMG_7088.jpg?resize=683%2C1024&#038;ssl=1\" alt=\"\" class=\"wp-image-590 size-full\" srcset=\"https:\/\/i0.wp.com\/melgal.org\/wp-content\/uploads\/2020\/07\/IMG_7088.jpg?resize=683%2C1024&amp;ssl=1 683w, https:\/\/i0.wp.com\/melgal.org\/wp-content\/uploads\/2020\/07\/IMG_7088.jpg?resize=200%2C300&amp;ssl=1 200w, https:\/\/i0.wp.com\/melgal.org\/wp-content\/uploads\/2020\/07\/IMG_7088.jpg?resize=768%2C1152&amp;ssl=1 768w, https:\/\/i0.wp.com\/melgal.org\/wp-content\/uploads\/2020\/07\/IMG_7088.jpg?resize=1024%2C1536&amp;ssl=1 1024w, https:\/\/i0.wp.com\/melgal.org\/wp-content\/uploads\/2020\/07\/IMG_7088.jpg?resize=1365%2C2048&amp;ssl=1 1365w, https:\/\/i0.wp.com\/melgal.org\/wp-content\/uploads\/2020\/07\/IMG_7088.jpg?resize=1200%2C1800&amp;ssl=1 1200w, https:\/\/i0.wp.com\/melgal.org\/wp-content\/uploads\/2020\/07\/IMG_7088.jpg?w=1520&amp;ssl=1 1520w, https:\/\/i0.wp.com\/melgal.org\/wp-content\/uploads\/2020\/07\/IMG_7088.jpg?w=2280&amp;ssl=1 2280w\" sizes=\"auto, (max-width: 683px) 100vw, 683px\" \/><\/a><\/figure><div class=\"wp-block-media-text__content\">\n<div class=\"wp-block-file\"><a href=\"https:\/\/melgal.org\/wp-content\/uploads\/2020\/07\/\u8d75\u6da6\u5fb7s-Paragraph.pdf\">El P\u00e1rrafo de \u8d75\u6da6\u5fb7 - PDF<\/a><a href=\"https:\/\/melgal.org\/wp-content\/uploads\/2020\/07\/\u8d75\u6da6\u5fb7s-Paragraph.pdf\" class=\"wp-block-file__button\" download>Download<\/a><\/div>\n<\/div><\/div>\n\n\n\n<div class=\"wp-block-media-text alignwide is-stacked-on-mobile\" style=\"grid-template-columns:45% auto\"><figure class=\"wp-block-media-text__media\"><a href=\"https:\/\/melgal.org\/es\/albuquerque-team\/\"><img data-recalc-dims=\"1\" loading=\"lazy\" decoding=\"async\" width=\"760\" height=\"994\" src=\"https:\/\/i0.wp.com\/melgal.org\/wp-content\/uploads\/2020\/07\/IMG_7081-2.jpg?resize=760%2C994&#038;ssl=1\" alt=\"\" class=\"wp-image-533 size-full\" srcset=\"https:\/\/i0.wp.com\/melgal.org\/wp-content\/uploads\/2020\/07\/IMG_7081-2.jpg?resize=783%2C1024&amp;ssl=1 783w, https:\/\/i0.wp.com\/melgal.org\/wp-content\/uploads\/2020\/07\/IMG_7081-2.jpg?resize=230%2C300&amp;ssl=1 230w, https:\/\/i0.wp.com\/melgal.org\/wp-content\/uploads\/2020\/07\/IMG_7081-2.jpg?resize=768%2C1004&amp;ssl=1 768w, https:\/\/i0.wp.com\/melgal.org\/wp-content\/uploads\/2020\/07\/IMG_7081-2.jpg?w=785&amp;ssl=1 785w\" sizes=\"auto, (max-width: 760px) 100vw, 760px\" \/><\/a><\/figure><div class=\"wp-block-media-text__content\">\n<p class=\"has-large-font-size wp-block-paragraph\"><\/p>\n\n\n\n<div class=\"wp-block-file\"><a href=\"https:\/\/melgal.org\/wp-content\/uploads\/2020\/07\/Gabbys-Page.pdf\" target=\"_blank\" rel=\"noreferrer noopener\">El P\u00e1rrafo de Gabby - PDF<\/a><a href=\"https:\/\/melgal.org\/wp-content\/uploads\/2020\/07\/Gabbys-Page.pdf\" class=\"wp-block-file__button\" download>Download<\/a><\/div>\n\n\n\n<div class=\"wp-block-file\"><a href=\"https:\/\/melgal.org\/wp-content\/uploads\/2020\/07\/Gabbys-Page.docx\">El P\u00e1rrafo de Gabby - Documento<\/a><a href=\"https:\/\/melgal.org\/wp-content\/uploads\/2020\/07\/Gabbys-Page.docx\" class=\"wp-block-file__button\" download>Download<\/a><\/div>\n<\/div><\/div>\n\n\n\n<p class=\"has-text-align-center wp-block-paragraph\">&#8230;<\/p>","protected":false},"excerpt":{"rendered":"<p>Throughout the duration of this project, each student was asked to complete a number of assignments that detailed the thought process of their designs. Here&hellip; <\/p>\n<p><a href=\"https:\/\/melgal.org\/es\/individual-pieces\/\" class=\"more-link\">Leer m\u00e1s &rarr; <span class=\"screen-reader-text\">Piezas Individuales<\/span><\/a><\/p>","protected":false},"author":182499745,"featured_media":1369,"parent":0,"menu_order":0,"comment_status":"closed","ping_status":"closed","template":"","meta":{"_acf_changed":false,"_coblocks_attr":"","_coblocks_dimensions":"","_coblocks_responsive_height":"","_coblocks_accordion_ie_support":"","_crdt_document":"","ngg_post_thumbnail":0,"footnotes":""},"class_list":["post-183","page","type-page","status-publish","has-post-thumbnail","hentry"],"acf":[],"jetpack_likes_enabled":false,"jetpack_sharing_enabled":true,"jetpack_shortlink":"https:\/\/wp.me\/PcaDJ3-2X","amp_enabled":true,"_links":{"self":[{"href":"https:\/\/melgal.org\/es\/wp-json\/wp\/v2\/pages\/183","targetHints":{"allow":["GET"]}}],"collection":[{"href":"https:\/\/melgal.org\/es\/wp-json\/wp\/v2\/pages"}],"about":[{"href":"https:\/\/melgal.org\/es\/wp-json\/wp\/v2\/types\/page"}],"author":[{"embeddable":true,"href":"https:\/\/melgal.org\/es\/wp-json\/wp\/v2\/users\/182499745"}],"replies":[{"embeddable":true,"href":"https:\/\/melgal.org\/es\/wp-json\/wp\/v2\/comments?post=183"}],"version-history":[{"count":15,"href":"https:\/\/melgal.org\/es\/wp-json\/wp\/v2\/pages\/183\/revisions"}],"predecessor-version":[{"id":1757,"href":"https:\/\/melgal.org\/es\/wp-json\/wp\/v2\/pages\/183\/revisions\/1757"}],"wp:featuredmedia":[{"embeddable":true,"href":"https:\/\/melgal.org\/es\/wp-json\/wp\/v2\/media\/1369"}],"wp:attachment":[{"href":"https:\/\/melgal.org\/es\/wp-json\/wp\/v2\/media?parent=183"}],"curies":[{"name":"wp","href":"https:\/\/api.w.org\/{rel}","templated":true}]}}