{"id":30,"date":"2020-07-06T18:53:46","date_gmt":"2020-07-07T00:53:46","guid":{"rendered":"https:\/\/melgal.org\/?page_id=30"},"modified":"2023-07-14T13:11:28","modified_gmt":"2023-07-14T19:11:28","slug":"student-gallery","status":"publish","type":"page","link":"https:\/\/melgal.org\/es\/student-gallery\/","title":{"rendered":"Galer\u00eda de Estudiantes"},"content":{"rendered":"<p class=\"wp-block-paragraph\">The Student Art Gallery is for, well, student art! Though many students can enter into competitions and award shows, it is not often that a student has their own gallery on a website where people can view and purchase their work. This gallery specializes in fulfilling this need. (To apply, visit the <a href=\"https:\/\/melgal.org\/es\/artist-application\/\" data-type=\"URL\" data-id=\"https:\/\/melgal.org\/artist-application\/\">Artist Application<\/a> page) Each student has their own Bio, Artist Statement, Portfolios, Upcoming Shows and Contact pages. <\/p>\n\n\n\n<p class=\"has-text-align-center wp-block-paragraph\">&#8230;<\/p>\n\n\n\n<h2 class=\"wp-block-heading has-text-align-center\">\u00a1Conoce a los Artistas!<\/h2>\n\n\n\n<h4 class=\"wp-block-heading has-text-align-center\">Dorsa Zamanian<\/h4>\n\n\n\n<div class=\"wp-block-media-text alignwide has-media-on-the-right is-stacked-on-mobile\" style=\"grid-template-columns:auto 53%\"><div class=\"wp-block-media-text__content\">\n<p class=\"wp-block-paragraph\">El arte siempre ha sido mi salida para la vida. Cada vez que estoy atascado, encuentro que encender algo de m\u00fasica y dibujar me aclara la mente. El arte me ha dado una nueva perspectiva...     <a href=\"https:\/\/melgal.org\/es\/dorsa_zamanian_artist-statement\/\">Leer m\u00e1s sobre la Verte sobre el Arte de Dorsa<\/a><\/p>\n\n\n\n<p class=\"wp-block-paragraph\">Dorsa Zamanian es actualmente una alta en la Academia de Albuquerque. Ha tomado arte durante cinco a\u00f1os y planea continuar su pasi\u00f3n por el arte en la universidad. Vive con su padre y hermana y los ha encontrado una gran inspiraci\u00f3n... <a href=\"https:\/\/melgal.org\/es\/dorsa_zamanian_bio\/\">M\u00e1s Informaci\u00f3n sobre Dorsa<\/a><\/p>\n\n\n\n<p class=\"wp-block-paragraph\">Echa un vistazo a su <a href=\"https:\/\/melgal.org\/es\/dorsa_zamanian_portfolio\/\" data-type=\"page\" data-id=\"1163\">Portafolio<\/a><\/p>\n<\/div><figure class=\"wp-block-media-text__media\"><a href=\"https:\/\/melgal.org\/es\/dorsa_zamanian_portfolio\/\"><img data-recalc-dims=\"1\" loading=\"lazy\" decoding=\"async\" width=\"760\" height=\"760\" src=\"https:\/\/i0.wp.com\/melgal.org\/wp-content\/uploads\/2020\/08\/Dorsa-1-2.png?resize=760%2C760&#038;ssl=1\" alt=\"\" class=\"wp-image-1177 size-full\" srcset=\"https:\/\/i0.wp.com\/melgal.org\/wp-content\/uploads\/2020\/08\/Dorsa-1-2.png?w=936&amp;ssl=1 936w, https:\/\/i0.wp.com\/melgal.org\/wp-content\/uploads\/2020\/08\/Dorsa-1-2.png?resize=300%2C300&amp;ssl=1 300w, https:\/\/i0.wp.com\/melgal.org\/wp-content\/uploads\/2020\/08\/Dorsa-1-2.png?resize=150%2C150&amp;ssl=1 150w, https:\/\/i0.wp.com\/melgal.org\/wp-content\/uploads\/2020\/08\/Dorsa-1-2.png?resize=768%2C768&amp;ssl=1 768w, https:\/\/i0.wp.com\/melgal.org\/wp-content\/uploads\/2020\/08\/Dorsa-1-2.png?resize=800%2C800&amp;ssl=1 800w, https:\/\/i0.wp.com\/melgal.org\/wp-content\/uploads\/2020\/08\/Dorsa-1-2.png?resize=400%2C400&amp;ssl=1 400w, https:\/\/i0.wp.com\/melgal.org\/wp-content\/uploads\/2020\/08\/Dorsa-1-2.png?resize=200%2C200&amp;ssl=1 200w, https:\/\/i0.wp.com\/melgal.org\/wp-content\/uploads\/2020\/08\/Dorsa-1-2.png?resize=50%2C50&amp;ssl=1 50w\" sizes=\"auto, (max-width: 760px) 100vw, 760px\" \/><\/a><\/figure><\/div>\n\n\n\n<p class=\"has-text-align-center wp-block-paragraph\"><strong>&#8230;<\/strong><\/p>\n\n\n\n<h4 class=\"wp-block-heading has-text-align-center\">Melinda Modisette<span class=\"has-inline-color has-lighter-gray-color\"><\/span><\/h4>\n\n\n\n<div class=\"wp-block-media-text alignwide is-stacked-on-mobile\"><figure class=\"wp-block-media-text__media\"><a href=\"https:\/\/melgal.org\/es\/melinda_modisette_portfolio\/\"><img data-recalc-dims=\"1\" loading=\"lazy\" decoding=\"async\" width=\"760\" height=\"641\" src=\"https:\/\/i0.wp.com\/melgal.org\/wp-content\/uploads\/2020\/09\/IMG_5843-5.jpg?resize=760%2C641&#038;ssl=1\" alt=\"\" class=\"wp-image-1323 size-full\" srcset=\"https:\/\/i0.wp.com\/melgal.org\/wp-content\/uploads\/2020\/09\/IMG_5843-5.jpg?resize=1024%2C864&amp;ssl=1 1024w, https:\/\/i0.wp.com\/melgal.org\/wp-content\/uploads\/2020\/09\/IMG_5843-5.jpg?resize=300%2C253&amp;ssl=1 300w, https:\/\/i0.wp.com\/melgal.org\/wp-content\/uploads\/2020\/09\/IMG_5843-5.jpg?resize=768%2C648&amp;ssl=1 768w, https:\/\/i0.wp.com\/melgal.org\/wp-content\/uploads\/2020\/09\/IMG_5843-5.jpg?resize=1536%2C1296&amp;ssl=1 1536w, https:\/\/i0.wp.com\/melgal.org\/wp-content\/uploads\/2020\/09\/IMG_5843-5.jpg?resize=2048%2C1729&amp;ssl=1 2048w, https:\/\/i0.wp.com\/melgal.org\/wp-content\/uploads\/2020\/09\/IMG_5843-5.jpg?resize=1200%2C1013&amp;ssl=1 1200w, https:\/\/i0.wp.com\/melgal.org\/wp-content\/uploads\/2020\/09\/IMG_5843-5.jpg?w=2280&amp;ssl=1 2280w\" sizes=\"auto, (max-width: 760px) 100vw, 760px\" \/><\/a><\/figure><div class=\"wp-block-media-text__content\">\n<p class=\"wp-block-paragraph\">El arte es una lucha. Como un tubo de pintura, sabes que queda algo, algo que no se ha usado, pero no importa lo que hagas, apretarlo, meterlo, golpearlo contra la mesa... <a href=\"https:\/\/melgal.org\/es\/melinda_modisette_artist-statement\/\" data-type=\"page\" data-id=\"1686\">Leer m\u00e1s sobre la Visi\u00f3n del Arte de Melinda<\/a><\/p>\n\n\n\n<p class=\"wp-block-paragraph\">Melinda Modisette es actualmente estudiante de \u00faltimo a\u00f1o en la Academia Albuquerque. Ha tomado clases de arte durante once a\u00f1os y ahora est\u00e1 empezando su duod\u00e9cima parte. Su amor por el arte, sin embargo, comenz\u00f3 cuando... <a href=\"https:\/\/melgal.org\/es\/melinda_modisette_bio\/\" data-type=\"page\" data-id=\"1682\">M\u00e1s Informaci\u00f3n sobre Melinda<\/a><\/p>\n\n\n\n<p class=\"wp-block-paragraph\">Echa un vistazo a su <a href=\"https:\/\/melgal.org\/es\/melinda_modisette_portfolio\/\" data-type=\"page\" data-id=\"1279\">Portafolio<\/a><\/p>\n\n\n\n<p class=\"wp-block-paragraph\">Mira su <a href=\"https:\/\/melgal.org\/es\/waigong-concentration\/\" data-type=\"page\" data-id=\"1383\">Concentraci\u00f3n de \u5916\u516c<\/a><\/p>\n<\/div><\/div>\n\n\n\n<p class=\"has-text-align-center wp-block-paragraph\">&#8230;<\/p>\n\n\n\n<h2 class=\"wp-block-heading has-text-align-center\">El Financiamiento<\/h2>\n\n\n\n<p class=\"has-text-align-center wp-block-paragraph\">Este sitio web est\u00e1 financiado por el <strong>Premio de Nuevo Mexico Estado Nueva York<\/strong><\/p>\n\n\n\n<p class=\"has-text-align-center wp-block-paragraph\">&#8230;<\/p>","protected":false},"excerpt":{"rendered":"<p>The Student Art Gallery is for, well, student art! Though many students can enter into competitions and award shows, it is not often that a&hellip; <\/p>\n<p><a href=\"https:\/\/melgal.org\/es\/student-gallery\/\" class=\"more-link\">Leer m\u00e1s &rarr; <span class=\"screen-reader-text\">Galer\u00eda de Estudiantes<\/span><\/a><\/p>","protected":false},"author":182499745,"featured_media":63,"parent":0,"menu_order":0,"comment_status":"open","ping_status":"closed","template":"","meta":{"_acf_changed":false,"_coblocks_attr":"","_coblocks_dimensions":"","_coblocks_responsive_height":"","_coblocks_accordion_ie_support":"","_crdt_document":"","ngg_post_thumbnail":0,"footnotes":""},"class_list":["post-30","page","type-page","status-publish","has-post-thumbnail","hentry"],"acf":[],"jetpack_likes_enabled":false,"jetpack_sharing_enabled":true,"jetpack_shortlink":"https:\/\/wp.me\/PcaDJ3-u","amp_enabled":true,"_links":{"self":[{"href":"https:\/\/melgal.org\/es\/wp-json\/wp\/v2\/pages\/30","targetHints":{"allow":["GET"]}}],"collection":[{"href":"https:\/\/melgal.org\/es\/wp-json\/wp\/v2\/pages"}],"about":[{"href":"https:\/\/melgal.org\/es\/wp-json\/wp\/v2\/types\/page"}],"author":[{"embeddable":true,"href":"https:\/\/melgal.org\/es\/wp-json\/wp\/v2\/users\/182499745"}],"replies":[{"embeddable":true,"href":"https:\/\/melgal.org\/es\/wp-json\/wp\/v2\/comments?post=30"}],"version-history":[{"count":40,"href":"https:\/\/melgal.org\/es\/wp-json\/wp\/v2\/pages\/30\/revisions"}],"predecessor-version":[{"id":3470,"href":"https:\/\/melgal.org\/es\/wp-json\/wp\/v2\/pages\/30\/revisions\/3470"}],"wp:featuredmedia":[{"embeddable":true,"href":"https:\/\/melgal.org\/es\/wp-json\/wp\/v2\/media\/63"}],"wp:attachment":[{"href":"https:\/\/melgal.org\/es\/wp-json\/wp\/v2\/media?parent=30"}],"curies":[{"name":"wp","href":"https:\/\/api.w.org\/{rel}","templated":true}]}}