{"id":43,"date":"2020-07-06T19:01:28","date_gmt":"2020-07-07T01:01:28","guid":{"rendered":"http:\/\/melgal.org\/?page_id=43"},"modified":"2023-01-21T18:40:30","modified_gmt":"2023-01-22T01:40:30","slug":"cross-cultural-art-exchange","status":"publish","type":"page","link":"https:\/\/melgal.org\/es\/cross-cultural-art-exchange\/","title":{"rendered":"Intercambio de Arte Intercultural"},"content":{"rendered":"<p class=\"has-text-align-center mt-0 pt-0 wp-block-paragraph\"><br>El Intercambio de Arte Intercultural es un proyecto en que estudiantes del arte de todo el mundo colaboran para crear arte de cultura mixta. El Intercambio de Arte 2019-2020 fue entre Albuquerque, Nuevo M\u00e9xico, EE.UU. y su ciudad hermana, Lanzhou, Gansu, China. <strong>Coming Soon:<\/strong> The 2022-2023 Art Exchange between Albuquerque and Silver City, New Mexico; San Diego, California; Seattle, Washington; Winnipeg, Canada; and Lusaka, Zambia.<\/p>\n\n\n\n<p class=\"has-text-align-center wp-block-paragraph\">En el transcurso del a\u00f1o escolar 2019-2020, seis estudiantes de Albuquerque y seis estudiantes de Lanzhou trabajaron juntos desde m\u00e1s de 7.000 millas de distancia para crear doce pinturas hermosas de cultura mezclada, d\u00e1ndoles vida con nuestras diferencias definitorias.<\/p>\n\n\n\n<figure class=\"wp-block-image alignwide size-large\"><img data-recalc-dims=\"1\" loading=\"lazy\" decoding=\"async\" width=\"760\" height=\"324\" src=\"https:\/\/i0.wp.com\/melgal.org\/wp-content\/uploads\/2020\/08\/Messages-Image2329756945.jpeg?resize=760%2C324&#038;ssl=1\" alt=\"\" class=\"wp-image-1104\" srcset=\"https:\/\/i0.wp.com\/melgal.org\/wp-content\/uploads\/2020\/08\/Messages-Image2329756945.jpeg?resize=1024%2C437&amp;ssl=1 1024w, https:\/\/i0.wp.com\/melgal.org\/wp-content\/uploads\/2020\/08\/Messages-Image2329756945.jpeg?resize=300%2C128&amp;ssl=1 300w, https:\/\/i0.wp.com\/melgal.org\/wp-content\/uploads\/2020\/08\/Messages-Image2329756945.jpeg?resize=768%2C328&amp;ssl=1 768w, https:\/\/i0.wp.com\/melgal.org\/wp-content\/uploads\/2020\/08\/Messages-Image2329756945.jpeg?resize=1536%2C656&amp;ssl=1 1536w, https:\/\/i0.wp.com\/melgal.org\/wp-content\/uploads\/2020\/08\/Messages-Image2329756945.jpeg?resize=2048%2C875&amp;ssl=1 2048w, https:\/\/i0.wp.com\/melgal.org\/wp-content\/uploads\/2020\/08\/Messages-Image2329756945.jpeg?resize=1200%2C513&amp;ssl=1 1200w, https:\/\/i0.wp.com\/melgal.org\/wp-content\/uploads\/2020\/08\/Messages-Image2329756945.jpeg?w=2280&amp;ssl=1 2280w\" sizes=\"auto, (max-width: 760px) 100vw, 760px\" \/><\/figure>\n\n\n\n<p class=\"has-text-align-center wp-block-paragraph\" style=\"font-size:40px\"><strong>&#8230;<\/strong><\/p>\n\n\n\n<h3 class=\"wp-block-heading has-text-align-center\"><span style=\"text-decoration: underline;\">\u00a1Aprende m\u00e1s sobre este proyecto!<\/span><\/h3>\n\n\n\n<ul class=\"wp-block-list\">\n<li>Para saber m\u00e1s sobre el esquema general de este proyecto, por favor eche un vistazo a la <a href=\"https:\/\/melgal.org\/es\/project-synopsis\/\" data-type=\"page\" data-id=\"176\">Sinopsis del Proyecto<\/a><\/li>\n\n\n\n<li>Para ver una documentaci\u00f3n detallada de todo lo que sucedi\u00f3, echa un vistazo a nuestra <a href=\"https:\/\/melgal.org\/es\/timeline\/\" data-type=\"page\" data-id=\"180\">Cronolog\u00eda<\/a><\/li>\n\n\n\n<li>Para echar un vistazo al proceso individual de cada estudiante, haga clic en cualquiera de los <a href=\"https:\/\/melgal.org\/es\/lanzhou-team\/\" data-type=\"page\" data-id=\"232\">Equipo Lanzhou<\/a> o <a href=\"https:\/\/melgal.org\/es\/albuquerque-team\/\" data-type=\"page\" data-id=\"229\">Equipo Albuquerque<\/a> debajo de <a href=\"https:\/\/melgal.org\/es\/individual-pieces\/\" data-type=\"page\" data-id=\"183\">Piezas Individuales<\/a><\/li>\n\n\n\n<li>Para ver nuestras piezas actuales y el progreso, despl\u00e1cese por la <a href=\"https:\/\/melgal.org\/es\/cross-cultural-gallery\/\" data-type=\"page\" data-id=\"186\">Galer\u00eda Intercultural<\/a><\/li>\n\n\n\n<li>Para conocer los contrastes que nosotros notamos y el conocimiento que nosotros obtuvimos, visite <a href=\"https:\/\/melgal.org\/es\/cross-cultural-contrasts\/\" data-type=\"page\" data-id=\"384\">Contrastes Interculturales<\/a><\/li>\n<\/ul>\n\n\n\n<p class=\"has-text-align-center wp-block-paragraph\" style=\"font-size:40px\"><strong>&#8230;<\/strong><\/p>\n\n\n\n<h3 class=\"wp-block-heading has-text-align-center\"><span style=\"text-decoration: underline;\">Nuestros Equipos<\/span><\/h3>\n\n\n\n<h4 class=\"wp-block-heading\"><strong><a href=\"https:\/\/melgal.org\/es\/albuquerque-team\/\" data-type=\"page\" data-id=\"229\">Albuquerque<\/a><\/strong><\/h4>\n\n\n<div class=\"wp-block-image\">\n<figure class=\"aligncenter size-large is-resized\"><a href=\"https:\/\/melgal.org\/es\/albuquerque-team\/\"><img data-recalc-dims=\"1\" loading=\"lazy\" decoding=\"async\" src=\"https:\/\/i0.wp.com\/melgal.org\/wp-content\/uploads\/2020\/07\/IMG_7063.jpg?resize=664%2C498&#038;ssl=1\" alt=\"\" class=\"wp-image-165\" width=\"664\" height=\"498\" srcset=\"https:\/\/i0.wp.com\/melgal.org\/wp-content\/uploads\/2020\/07\/IMG_7063.jpg?resize=1024%2C768&amp;ssl=1 1024w, https:\/\/i0.wp.com\/melgal.org\/wp-content\/uploads\/2020\/07\/IMG_7063.jpg?resize=300%2C225&amp;ssl=1 300w, https:\/\/i0.wp.com\/melgal.org\/wp-content\/uploads\/2020\/07\/IMG_7063.jpg?resize=768%2C576&amp;ssl=1 768w, https:\/\/i0.wp.com\/melgal.org\/wp-content\/uploads\/2020\/07\/IMG_7063.jpg?resize=1200%2C900&amp;ssl=1 1200w, https:\/\/i0.wp.com\/melgal.org\/wp-content\/uploads\/2020\/07\/IMG_7063.jpg?resize=800%2C600&amp;ssl=1 800w, https:\/\/i0.wp.com\/melgal.org\/wp-content\/uploads\/2020\/07\/IMG_7063.jpg?resize=400%2C300&amp;ssl=1 400w, https:\/\/i0.wp.com\/melgal.org\/wp-content\/uploads\/2020\/07\/IMG_7063.jpg?resize=200%2C150&amp;ssl=1 200w, https:\/\/i0.wp.com\/melgal.org\/wp-content\/uploads\/2020\/07\/IMG_7063.jpg?w=1440&amp;ssl=1 1440w\" sizes=\"auto, (max-width: 664px) 100vw, 664px\" \/><\/a><figcaption class=\"wp-element-caption\">En la imagen, de izquierda a derecha, son Sarah Wang, Gabby Nemer, Melinda Modisette, Andrew Spears, Mackenzie Jarrell, y AnaMaria Perez<\/figcaption><\/figure>\n<\/div>\n\n\n<h4 class=\"wp-block-heading\"><strong><a href=\"https:\/\/melgal.org\/es\/lanzhou-team\/\" data-type=\"page\" data-id=\"232\">Lanzhou<\/a><\/strong><\/h4>\n\n\n<div class=\"wp-block-image\">\n<figure class=\"aligncenter size-large is-resized\"><a href=\"https:\/\/melgal.org\/es\/lanzhou-team\/\"><img data-recalc-dims=\"1\" loading=\"lazy\" decoding=\"async\" src=\"https:\/\/i0.wp.com\/melgal.org\/wp-content\/uploads\/2020\/08\/IMG_7385.jpg?resize=703%2C527&#038;ssl=1\" alt=\"\" class=\"wp-image-1087\" width=\"703\" height=\"527\" srcset=\"https:\/\/i0.wp.com\/melgal.org\/wp-content\/uploads\/2020\/08\/IMG_7385.jpg?resize=1024%2C768&amp;ssl=1 1024w, https:\/\/i0.wp.com\/melgal.org\/wp-content\/uploads\/2020\/08\/IMG_7385.jpg?resize=300%2C225&amp;ssl=1 300w, https:\/\/i0.wp.com\/melgal.org\/wp-content\/uploads\/2020\/08\/IMG_7385.jpg?resize=768%2C576&amp;ssl=1 768w, https:\/\/i0.wp.com\/melgal.org\/wp-content\/uploads\/2020\/08\/IMG_7385.jpg?resize=1200%2C900&amp;ssl=1 1200w, https:\/\/i0.wp.com\/melgal.org\/wp-content\/uploads\/2020\/08\/IMG_7385.jpg?resize=800%2C600&amp;ssl=1 800w, https:\/\/i0.wp.com\/melgal.org\/wp-content\/uploads\/2020\/08\/IMG_7385.jpg?resize=400%2C300&amp;ssl=1 400w, https:\/\/i0.wp.com\/melgal.org\/wp-content\/uploads\/2020\/08\/IMG_7385.jpg?resize=200%2C150&amp;ssl=1 200w, https:\/\/i0.wp.com\/melgal.org\/wp-content\/uploads\/2020\/08\/IMG_7385.jpg?w=1440&amp;ssl=1 1440w\" sizes=\"auto, (max-width: 703px) 100vw, 703px\" \/><\/a><figcaption class=\"wp-element-caption\">En la imagen, de izquierda a derecha, son \u718a\u601d\u7433(Leandra), \u8d75\u6da6\u5fb7(Zhao Runde), \u738b\u5b50\u6657(William), \u6c88\u5b50\u714a(Shen Zixuan), \u674e\u4f73\u6021(Li Jiayi), y \u4f55\u4e00\u7530(He Yitian)<\/figcaption><\/figure>\n<\/div>\n\n\n<h2 class=\"wp-block-heading has-text-align-center\">El Financiamiento<\/h2>\n\n\n\n<p class=\"has-text-align-center wp-block-paragraph\">Este proyecto fue financiado por El <strong>Premio de Albuquerque Academy Ogawa Liderazgo de Servicio Comunitario<\/strong> <strong>Award<\/strong> y El <strong>Premio de Estudiante Joven Asi\u00e1tico-Americano de ACES-NM<\/strong><\/p>\n\n\n\n<h2 class=\"wp-block-heading has-text-align-center\"><strong>&#8230;<\/strong><\/h2>","protected":false},"excerpt":{"rendered":"<p>The Cross-Cultural Art Exchange is a project where art students from around the world collaborate to create mixed-culture art. The 2019-2020 Art Exchange was between&hellip; <\/p>\n<p><a href=\"https:\/\/melgal.org\/es\/cross-cultural-art-exchange\/\" class=\"more-link\">Continue reading &rarr; <span class=\"screen-reader-text\">Intercambio de Arte Intercultural<\/span><\/a><\/p>","protected":false},"author":182499745,"featured_media":1650,"parent":0,"menu_order":0,"comment_status":"open","ping_status":"closed","template":"","meta":{"_acf_changed":false,"_coblocks_attr":"","_coblocks_dimensions":"","_coblocks_responsive_height":"","_coblocks_accordion_ie_support":"","_crdt_document":"","ngg_post_thumbnail":0,"jetpack_post_was_ever_published":false,"footnotes":""},"class_list":["post-43","page","type-page","status-publish","has-post-thumbnail","hentry"],"acf":[],"jetpack_likes_enabled":false,"jetpack_sharing_enabled":true,"jetpack_shortlink":"https:\/\/wp.me\/PcaDJ3-H","amp_enabled":true,"_links":{"self":[{"href":"https:\/\/melgal.org\/es\/wp-json\/wp\/v2\/pages\/43","targetHints":{"allow":["GET"]}}],"collection":[{"href":"https:\/\/melgal.org\/es\/wp-json\/wp\/v2\/pages"}],"about":[{"href":"https:\/\/melgal.org\/es\/wp-json\/wp\/v2\/types\/page"}],"author":[{"embeddable":true,"href":"https:\/\/melgal.org\/es\/wp-json\/wp\/v2\/users\/182499745"}],"replies":[{"embeddable":true,"href":"https:\/\/melgal.org\/es\/wp-json\/wp\/v2\/comments?post=43"}],"version-history":[{"count":55,"href":"https:\/\/melgal.org\/es\/wp-json\/wp\/v2\/pages\/43\/revisions"}],"predecessor-version":[{"id":3280,"href":"https:\/\/melgal.org\/es\/wp-json\/wp\/v2\/pages\/43\/revisions\/3280"}],"wp:featuredmedia":[{"embeddable":true,"href":"https:\/\/melgal.org\/es\/wp-json\/wp\/v2\/media\/1650"}],"wp:attachment":[{"href":"https:\/\/melgal.org\/es\/wp-json\/wp\/v2\/media?parent=43"}],"curies":[{"name":"wp","href":"https:\/\/api.w.org\/{rel}","templated":true}]}}