{"id":775,"date":"2020-07-27T16:13:52","date_gmt":"2020-07-27T22:13:52","guid":{"rendered":"https:\/\/melgal.org\/?page_id=775"},"modified":"2020-10-10T16:41:45","modified_gmt":"2020-10-10T22:41:45","slug":"grants","status":"publish","type":"page","link":"https:\/\/melgal.org\/es\/grants\/","title":{"rendered":"Becas"},"content":{"rendered":"<p class=\"wp-block-paragraph\">Al trabajar con mi comunidad y hablar con artistas locales, me di cuenta de que en la escuela se nos ense\u00f1an muchas habilidades \u00fatiles como c\u00f3mo representar con precisi\u00f3n una cara, c\u00f3mo usar la paleta de colores para retratar una emoci\u00f3n, o c\u00f3mo dar vida a las ideas, pero no se nos ense\u00f1a c\u00f3mo prosperar trabajando como artista. Realmente no se nos ense\u00f1a c\u00f3mo solicitar subvenciones, tener espect\u00e1culos o vender impresiones. Aunque en realidad producir obras poderosas es extremadamente importante, este sitio web trata de completar todos esos otros aspectos importantes. Aqu\u00ed los estudiantes, desde estudiantes de primaria hasta acad\u00e9micos universitarios, pueden solicitar becas para piezas de arte en las que est\u00e1n trabajando, ya sea para comprar suministros o para reservar una galer\u00eda para una exposici\u00f3n. Para saber m\u00e1s sobre el proceso de solicitud o selecci\u00f3n, visite el <a href=\"https:\/\/melgal.org\/es\/grant-application\/\" data-type=\"page\" data-id=\"782\">Solicitud de Beca<\/a> p\u00e1gina.<\/p>\n\n\n\n<p class=\"has-text-align-center wp-block-paragraph\"><strong>&#8230;<\/strong><\/p>\n\n\n\n<h2 class=\"wp-block-heading\"><span class=\"has-inline-color has-accent-color\">Beca de Servicio Comunitario \u2013 $75<\/span><\/h2>\n\n\n\n<p class=\"wp-block-paragraph\">La Beca de Servicio Comunitario fue creada para suministrar materiales a artistas que trabajen en el arte que sirve directamente a su comunidad. Muchos tipos diferentes de proyectos pueden constituir un proyecto de arte de servicio comunitario, como la creaci\u00f3n de una pieza <em>con<\/em> personas de la comunidad o pintando una pieza para <em>donar<\/em> a una organizaci\u00f3n local sin fines de lucro (Se pueden encontrar m\u00e1s ejemplos en el <a href=\"https:\/\/melgal.org\/es\/community-service\/\">Servicio Comunitario <\/a>p\u00e1gina). Esta subvenci\u00f3n se esfuerza por crear entusiasmo y provocar el pensamiento sobre c\u00f3mo el arte puede impactar y mejorar una comunidad. <\/p>\n\n\n\n<p class=\"has-text-align-center wp-block-paragraph\"><strong><strong>&#8230;<\/strong><\/strong><\/p>\n\n\n\n<h2 class=\"wp-block-heading\"><span class=\"has-inline-color has-accent-color\">Beca de Celebraci\u00f3n de la Cultura - $100<\/span><\/h2>\n\n\n\n<p class=\"wp-block-paragraph\">La Beca Celebraci\u00f3n de la Cultura tiene como objetivo ayudar a los artistas a buscar piezas de arte que aprecien viejas tradiciones y diversidad cultural. La subvenci\u00f3n se esfuerza por hacer de la cultura un aspecto unitario de la sociedad en lugar de una caracter\u00edstica divisoria. El arte y la cultura est\u00e1n entrelazados y las hermosas caracter\u00edsticas de la humanidad y, cuando se juntan, pueden crear una declaraci\u00f3n poderosa. La Beca Celebraci\u00f3n de la Cultura aspira a dar a los artistas j\u00f3venes los medios para abordar estas dos cualidades del mundo humano. <\/p>\n\n\n\n<p class=\"has-text-align-center wp-block-paragraph\"><strong><strong>&#8230;<\/strong><\/strong><\/p>\n\n\n\n<h2 class=\"wp-block-heading\"><span class=\"has-inline-color has-accent-color\">Beca de Inicio Fresco \u2013 $75<\/span><\/h2>\n\n\n\n<p class=\"wp-block-paragraph\">Durante COVID-19 y cuarentena, es f\u00e1cil sentirse atascado y aislado; sin embargo, esto no tiene que ser el caso. La Beca de Inicio Fresco se compromete a proporcionar a los artistas los recursos necesarios para dise\u00f1ar y hacer arte que mire hacia el futuro. Aunque muchas personas se enfrentan a momentos dif\u00edciles hoy, hay un valor fundamental en anticipar un ma\u00f1ana m\u00e1s brillante. <\/p>\n\n\n\n<p class=\"has-text-align-center wp-block-paragraph\"><strong>&#8230;<\/strong><\/p>\n\n\n\n<h2 class=\"wp-block-heading\"><span class=\"has-inline-color has-accent-color\">Beca de Impacto \u2013 $125<\/span><\/h2>\n\n\n\n<p class=\"wp-block-paragraph\">El poder del arte a menudo se puede pasar por alto en un mundo de pel\u00edculas de corte r\u00e1pido y conexi\u00f3n instant\u00e1nea a Internet. Pero cuando se observa cuidadosamente y cuidadosamente, una sola pieza de arte puede retratar innumerables emociones y declaraciones. Adem\u00e1s, estas emociones y declaraciones sin duda variar\u00e1n de persona a persona dependiendo de sus propias experiencias de vida. La Beca de Impacto busca desafiar a los artistas j\u00f3venes a hacer una declaraci\u00f3n e impacto con su arte.<\/p>\n\n\n\n<p class=\"has-text-align-center wp-block-paragraph\"><strong>&#8230;<\/strong><\/p>\n\n\n\n<h2 class=\"has-text-align-center wp-block-heading\">El Financiamiento<\/h2>\n\n\n\n<p class=\"has-text-align-center wp-block-paragraph\">Estas becas son financiadas por el <strong>Premio Memorial de Patricia S. Kuswa de la Academia de Albuquerque<\/strong><\/p>","protected":false},"excerpt":{"rendered":"<p>Through working with my community and talking to local artists, I realized that in school, we are taught many useful skills such as how to&hellip; <\/p>\n<p><a href=\"https:\/\/melgal.org\/es\/grants\/\" class=\"more-link\">Continue reading &rarr; <span class=\"screen-reader-text\">Becas<\/span><\/a><\/p>","protected":false},"author":182499745,"featured_media":1766,"parent":0,"menu_order":0,"comment_status":"open","ping_status":"closed","template":"","meta":{"_acf_changed":false,"_coblocks_attr":"","_coblocks_dimensions":"","_coblocks_responsive_height":"","_coblocks_accordion_ie_support":"","_crdt_document":"","ngg_post_thumbnail":0,"jetpack_post_was_ever_published":false,"footnotes":""},"class_list":["post-775","page","type-page","status-publish","has-post-thumbnail","hentry"],"acf":[],"jetpack_likes_enabled":false,"jetpack_sharing_enabled":true,"jetpack_shortlink":"https:\/\/wp.me\/PcaDJ3-cv","amp_enabled":true,"_links":{"self":[{"href":"https:\/\/melgal.org\/es\/wp-json\/wp\/v2\/pages\/775","targetHints":{"allow":["GET"]}}],"collection":[{"href":"https:\/\/melgal.org\/es\/wp-json\/wp\/v2\/pages"}],"about":[{"href":"https:\/\/melgal.org\/es\/wp-json\/wp\/v2\/types\/page"}],"author":[{"embeddable":true,"href":"https:\/\/melgal.org\/es\/wp-json\/wp\/v2\/users\/182499745"}],"replies":[{"embeddable":true,"href":"https:\/\/melgal.org\/es\/wp-json\/wp\/v2\/comments?post=775"}],"version-history":[{"count":15,"href":"https:\/\/melgal.org\/es\/wp-json\/wp\/v2\/pages\/775\/revisions"}],"predecessor-version":[{"id":1705,"href":"https:\/\/melgal.org\/es\/wp-json\/wp\/v2\/pages\/775\/revisions\/1705"}],"wp:featuredmedia":[{"embeddable":true,"href":"https:\/\/melgal.org\/es\/wp-json\/wp\/v2\/media\/1766"}],"wp:attachment":[{"href":"https:\/\/melgal.org\/es\/wp-json\/wp\/v2\/media?parent=775"}],"curies":[{"name":"wp","href":"https:\/\/api.w.org\/{rel}","templated":true}]}}