{"id":834,"date":"2020-07-28T19:24:46","date_gmt":"2020-07-29T01:24:46","guid":{"rendered":"https:\/\/melgal.org\/?page_id=834"},"modified":"2020-09-05T14:42:56","modified_gmt":"2020-09-05T20:42:56","slug":"artist-application","status":"publish","type":"page","link":"https:\/\/melgal.org\/es\/artist-application\/","title":{"rendered":"Artist Application"},"content":{"rendered":"<p class=\"wp-block-paragraph\">Para la aplicaci\u00f3n de artista, seleccione cinco de sus obras favoritas para enviar a: <a rel=\"noreferrer noopener\" href=\"mailto:melgal.org@gmail.com\" target=\"_blank\">melgal.org@gmail.com<\/a> junto con la informaci\u00f3n detallada a continuaci\u00f3n:<\/p>\n\n\n\n<ul class=\"wp-block-list\"><li>Nombre<\/li><li>Una explicaci\u00f3n de por qu\u00e9 el arte es importante para ti<\/li><li>Respuesta a p\u00e1rrafos: \u00bfCu\u00e1l es tu mayor atributo y por qu\u00e9?<\/li><\/ul>\n\n\n\n<p class=\"has-text-align-center wp-block-paragraph\">Nos pondremos en su lugar dentro de <span class=\"has-inline-color has-accent-color\">24 horas<\/span> de su sumisi\u00f3n.<\/p>\n\n\n\n<p class=\"has-text-align-center wp-block-paragraph\">&#8230;<\/p>\n\n\n\n<h4 class=\"wp-block-heading\">Si ha sido seleccionado como artista para el sitio web, env\u00ede, a la misma direcci\u00f3n de correo electr\u00f3nico, la siguiente informaci\u00f3n:<\/h4>\n\n\n\n<ul class=\"wp-block-list\"><li>Bio (300 palabras m\u00e1x.)<\/li><li>Artist Statement (500 words max)<\/li><li>Curr\u00edculum (3 p\u00e1ginas m\u00e1x.)<\/li><li>Im\u00e1genes de calidad del arte que le gustar\u00eda mostrar en el sitio web junto con los t\u00edtulos de las piezas y dimensiones<\/li><li>Im\u00e1genes de calidad del arte que le gustar\u00eda vender (impresiones y\/o originales) con sus respectivos precios, t\u00edtulos y dimensiones<\/li><li>Opcional: Descripciones con tus piezas de arte hablando de cualquier cosa que quieras que tus espectadores conozcan (proceso, ideas, temas, visi\u00f3n)<\/li><\/ul>\n\n\n\n<p class=\"has-text-align-center wp-block-paragraph\">Los espacios y p\u00e1ginas individualizados de la galer\u00eda de artistas se instalar\u00e1n dentro de <span class=\"has-inline-color has-accent-color\">1-2 d\u00edas<\/span><\/p>\n\n\n\n<p class=\"has-text-align-center wp-block-paragraph\">&#8230;<\/p>","protected":false},"excerpt":{"rendered":"<p>For the artist application, please select five of your favorite works to send to: melgal.org@gmail.com along with the information detailed below: Name Explanation of why&hellip; <\/p>\n<p><a href=\"https:\/\/melgal.org\/es\/artist-application\/\" class=\"more-link\">Leer m\u00e1s &rarr; <span class=\"screen-reader-text\">Artist Application<\/span><\/a><\/p>","protected":false},"author":182499745,"featured_media":916,"parent":0,"menu_order":0,"comment_status":"closed","ping_status":"closed","template":"","meta":{"_acf_changed":false,"_coblocks_attr":"","_coblocks_dimensions":"","_coblocks_responsive_height":"","_coblocks_accordion_ie_support":"","_crdt_document":"","ngg_post_thumbnail":0,"footnotes":""},"class_list":["post-834","page","type-page","status-publish","has-post-thumbnail","hentry"],"acf":[],"jetpack_likes_enabled":false,"jetpack_sharing_enabled":true,"jetpack_shortlink":"https:\/\/wp.me\/PcaDJ3-ds","amp_enabled":true,"_links":{"self":[{"href":"https:\/\/melgal.org\/es\/wp-json\/wp\/v2\/pages\/834","targetHints":{"allow":["GET"]}}],"collection":[{"href":"https:\/\/melgal.org\/es\/wp-json\/wp\/v2\/pages"}],"about":[{"href":"https:\/\/melgal.org\/es\/wp-json\/wp\/v2\/types\/page"}],"author":[{"embeddable":true,"href":"https:\/\/melgal.org\/es\/wp-json\/wp\/v2\/users\/182499745"}],"replies":[{"embeddable":true,"href":"https:\/\/melgal.org\/es\/wp-json\/wp\/v2\/comments?post=834"}],"version-history":[{"count":28,"href":"https:\/\/melgal.org\/es\/wp-json\/wp\/v2\/pages\/834\/revisions"}],"predecessor-version":[{"id":1551,"href":"https:\/\/melgal.org\/es\/wp-json\/wp\/v2\/pages\/834\/revisions\/1551"}],"wp:featuredmedia":[{"embeddable":true,"href":"https:\/\/melgal.org\/es\/wp-json\/wp\/v2\/media\/916"}],"wp:attachment":[{"href":"https:\/\/melgal.org\/es\/wp-json\/wp\/v2\/media?parent=834"}],"curies":[{"name":"wp","href":"https:\/\/api.w.org\/{rel}","templated":true}]}}